{"id":84,"date":"2016-06-14T19:52:15","date_gmt":"2016-06-14T17:52:15","guid":{"rendered":"http:\/\/rosascoot.com\/?page_id=84"},"modified":"2025-08-25T19:42:54","modified_gmt":"2025-08-25T17:42:54","slug":"conditions","status":"publish","type":"page","link":"https:\/\/rosascoot.com\/ca\/conditions\/","title":{"rendered":"(Fran\u00e7ais) Conditions"},"content":{"rendered":"Diposar<\/p>\n<p>L&#8217;arrendatari paga avui al propietari la suma de: 300 Euros per les motos \/200 Euros per les bicicletes.<\/p>\n<p>Com a dip\u00f2sit o garantia per cobrir qualsevol dany que es pugui causar als articles llogats. La devoluci\u00f3 de la fian\u00e7a es realitzar\u00e0 a la devoluci\u00f3 de l&#8217;equip en bon estat. L&#8217;arrendatari es compromet a retornar l&#8217;equip en el mateix estat de neteja i bon funcionament que en el moment de la seva recepci\u00f3.\u00a0 L&#8217;equip es revisar\u00e0 abans del lloguer i en el moment de la devoluci\u00f3.\u00a0 Qualsevol neteja, defecteivitat, irregularitat, desgast exagerat, trencament de xass\u00eds (Frame, forquilla i amortidor, parts de la carrosseria i sell\u00f3, sistema de refrigeraci\u00f3, sistema de frenada davantera i posterior, instrumentaci\u00f3, cabina, manillar i puntes, nanses, accelerador, coixinets de protecci\u00f3) en relaci\u00f3 amb l&#8217;\u00fas especificat s\u00f3n a costa de l&#8217;arrendatari de l&#8217;equip.<\/p>\n<p><strong>P\u00e8rdua o robatori<\/strong><\/p>\n<p>En cas de p\u00e8rdua o robatori, d&#8217;una reclamaci\u00f3 responsable o trencament del motor, l&#8217;arrendatari es compromet a reemborsar un equip equivalent per valor de \u20ac1700 per als patinets o \u20ac200 per a bicicletes de muntanya VTC i cl\u00e0ssiques, i \u20ac4000 per a bicicletes el\u00e8ctriques de 500 a 600 watts. i \u20ac5900 per a bicicletes el\u00e8ctriques de 750 watts. L&#8217;arrendatari \u00e9s responsable de l&#8217;equip tan bon punt surti del propietari.<\/p>\n<p>L&#8217;arrendatari certifica que est\u00e0 familiaritzat amb el funcionament i la manipulaci\u00f3 de l&#8217;equip aix\u00ed com amb totes les precaucions, riscos i precaucions de seguretat a prendre pel que fa a l&#8217;\u00fas de l&#8217;equip descrit en aquest contracte.<\/p>\n<p>Per tant, l&#8217;arrendatari es far\u00e0 responsable de qualsevol \u00fas indegut i dels danys que es puguin derivar. Les punxades, la fallada de combustible, els problemes de bateria s\u00f3n responsabilitat del client.<\/p>\n<p>En cas de verbalitzaci\u00f3, la taxa de gesti\u00f3 d&#8217;arxius es cobrar\u00e0 40,00 Euros TTC per delicte. El client pagar\u00e0 totes les taxes, multes i despeses per qualsevol tr\u00e0nsit, aparcament, etc. infraccions.<\/p>\n<p>El client declara en el seu honor que ha completat tota la formaci\u00f3 necess\u00e0ria per a la conducci\u00f3 del vehicle llogat en aquest contracte.<\/p>\n<p>El vehicle ha de ser retornat pel client a l&#8217;ag\u00e8ncia on n&#8217;ha pres possessi\u00f3 (fins i tot en cas d&#8217;avaria, accident, pneum\u00e0tic punxat, tornada del vol, etc&#8230;.)<\/p>\n<p>El vehicle ha de quedar net. El rentat costa 10 euros.<\/p>\n<p>Qualsevol exced\u00e8ncia de la data de devoluci\u00f3 prevista en aquest contracte es cobrar\u00e0 al preu d&#8217;un lloguer d&#8217;un dia de lloguer per 24 hores.<\/p>\n<p><strong>CONDICIONS PER LLOGAR UN PATINET ACCESSIBLE AMB EL PERM\u00cdS B:<\/strong><\/p>\n<p>Llic\u00e8ncia v\u00e0lida: A, A1 o B v\u00e0lida per m\u00e9s de 3 anys.<\/p>\n<p>Signatura precedida per la menci\u00f3 manuscrita: \u00abGood per a l&#8217;acceptaci\u00f3, sense reserves, de les condicions de lloguer que apareixen a la part davantera i posterior d&#8217;aquest contracte\u00bb.","protected":false},"excerpt":{"rendered":"<p>Diposar L&#8217;arrendatari paga avui al propietari la suma de: 300 Euros per les motos \/200 Euros per les bicicletes. Com a dip\u00f2sit o garantia per cobrir qualsevol dany que es pugui causar als articles llogats. La devoluci\u00f3 de la fian\u00e7a es realitzar\u00e0 a la devoluci\u00f3 de l&#8217;equip en bon estat. L&#8217;arrendatari es compromet a retornar [&hellip;]<\/p>\n","protected":false},"author":1,"featured_media":0,"parent":0,"menu_order":0,"comment_status":"closed","ping_status":"closed","template":"","meta":{"footnotes":""},"class_list":["post-84","page","type-page","status-publish","hentry"],"yoast_head":"<!-- This site is optimized with the Yoast SEO plugin v27.5 - https:\/\/yoast.com\/product\/yoast-seo-wordpress\/ -->\n<title>(Fran\u00e7ais) Conditions - rosascoot<\/title>\n<meta name=\"robots\" content=\"index, follow, max-snippet:-1, max-image-preview:large, max-video-preview:-1\" \/>\n<link rel=\"canonical\" href=\"https:\/\/rosascoot.com\/conditions\/\" \/>\n<meta property=\"og:locale\" content=\"ca_ES\" \/>\n<meta property=\"og:type\" content=\"article\" \/>\n<meta property=\"og:title\" content=\"(Fran\u00e7ais) Conditions - rosascoot\" \/>\n<meta property=\"og:description\" content=\"Diposar L&#8217;arrendatari paga avui al propietari la suma de: 300 Euros per les motos \/200 Euros per les bicicletes. Com a dip\u00f2sit o garantia per cobrir qualsevol dany que es pugui causar als articles llogats. La devoluci\u00f3 de la fian\u00e7a es realitzar\u00e0 a la devoluci\u00f3 de l&#8217;equip en bon estat. L&#8217;arrendatari es compromet a retornar [&hellip;]\" \/>\n<meta property=\"og:url\" content=\"https:\/\/rosascoot.com\/conditions\/\" \/>\n<meta property=\"og:site_name\" content=\"rosascoot\" \/>\n<meta property=\"article:publisher\" content=\"https:\/\/m.facebook.com\/Rosascoot-1038480526241967\/\" \/>\n<meta property=\"article:modified_time\" content=\"2025-08-25T17:42:54+00:00\" \/>\n<meta name=\"twitter:card\" content=\"summary_large_image\" \/>\n<meta name=\"twitter:label1\" content=\"Temps estimat de lectura\" \/>\n\t<meta name=\"twitter:data1\" content=\"3 minuts\" \/>\n<script type=\"application\/ld+json\" class=\"yoast-schema-graph\">{\"@context\":\"https:\\\/\\\/schema.org\",\"@graph\":[{\"@type\":\"WebPage\",\"@id\":\"https:\\\/\\\/rosascoot.com\\\/conditions\\\/\",\"url\":\"https:\\\/\\\/rosascoot.com\\\/conditions\\\/\",\"name\":\"(Fran\u00e7ais) Conditions - rosascoot\",\"isPartOf\":{\"@id\":\"https:\\\/\\\/rosascoot.com\\\/fr\\\/#website\"},\"datePublished\":\"2016-06-14T17:52:15+00:00\",\"dateModified\":\"2025-08-25T17:42:54+00:00\",\"breadcrumb\":{\"@id\":\"https:\\\/\\\/rosascoot.com\\\/conditions\\\/#breadcrumb\"},\"inLanguage\":\"ca\",\"potentialAction\":[{\"@type\":\"ReadAction\",\"target\":[\"https:\\\/\\\/rosascoot.com\\\/conditions\\\/\"]}]},{\"@type\":\"BreadcrumbList\",\"@id\":\"https:\\\/\\\/rosascoot.com\\\/conditions\\\/#breadcrumb\",\"itemListElement\":[{\"@type\":\"ListItem\",\"position\":1,\"name\":\"Accueil\",\"item\":\"https:\\\/\\\/rosascoot.com\\\/\"},{\"@type\":\"ListItem\",\"position\":2,\"name\":\"Conditions\"}]},{\"@type\":\"WebSite\",\"@id\":\"https:\\\/\\\/rosascoot.com\\\/fr\\\/#website\",\"url\":\"https:\\\/\\\/rosascoot.com\\\/fr\\\/\",\"name\":\"rosascoot\",\"description\":\"LLOGUER DE SCOOTER, LLOGUER I VENTA BICIS BTT Y EBIKE\",\"publisher\":{\"@id\":\"https:\\\/\\\/rosascoot.com\\\/fr\\\/#organization\"},\"potentialAction\":[{\"@type\":\"SearchAction\",\"target\":{\"@type\":\"EntryPoint\",\"urlTemplate\":\"https:\\\/\\\/rosascoot.com\\\/fr\\\/?s={search_term_string}\"},\"query-input\":{\"@type\":\"PropertyValueSpecification\",\"valueRequired\":true,\"valueName\":\"search_term_string\"}}],\"inLanguage\":\"ca\"},{\"@type\":\"Organization\",\"@id\":\"https:\\\/\\\/rosascoot.com\\\/fr\\\/#organization\",\"name\":\"rosascoot\",\"url\":\"https:\\\/\\\/rosascoot.com\\\/fr\\\/\",\"logo\":{\"@type\":\"ImageObject\",\"inLanguage\":\"ca\",\"@id\":\"https:\\\/\\\/rosascoot.com\\\/fr\\\/#\\\/schema\\\/logo\\\/image\\\/\",\"url\":\"https:\\\/\\\/rosascoot.com\\\/wp-content\\\/uploads\\\/2016\\\/07\\\/0.png\",\"contentUrl\":\"https:\\\/\\\/rosascoot.com\\\/wp-content\\\/uploads\\\/2016\\\/07\\\/0.png\",\"width\":1096,\"height\":164,\"caption\":\"rosascoot\"},\"image\":{\"@id\":\"https:\\\/\\\/rosascoot.com\\\/fr\\\/#\\\/schema\\\/logo\\\/image\\\/\"},\"sameAs\":[\"https:\\\/\\\/m.facebook.com\\\/Rosascoot-1038480526241967\\\/\"]}]}<\/script>\n<!-- \/ Yoast SEO plugin. -->","yoast_head_json":{"title":"(Fran\u00e7ais) Conditions - rosascoot","robots":{"index":"index","follow":"follow","max-snippet":"max-snippet:-1","max-image-preview":"max-image-preview:large","max-video-preview":"max-video-preview:-1"},"canonical":"https:\/\/rosascoot.com\/conditions\/","og_locale":"ca_ES","og_type":"article","og_title":"(Fran\u00e7ais) Conditions - rosascoot","og_description":"Diposar L&#8217;arrendatari paga avui al propietari la suma de: 300 Euros per les motos \/200 Euros per les bicicletes. Com a dip\u00f2sit o garantia per cobrir qualsevol dany que es pugui causar als articles llogats. La devoluci\u00f3 de la fian\u00e7a es realitzar\u00e0 a la devoluci\u00f3 de l&#8217;equip en bon estat. L&#8217;arrendatari es compromet a retornar [&hellip;]","og_url":"https:\/\/rosascoot.com\/conditions\/","og_site_name":"rosascoot","article_publisher":"https:\/\/m.facebook.com\/Rosascoot-1038480526241967\/","article_modified_time":"2025-08-25T17:42:54+00:00","twitter_card":"summary_large_image","twitter_misc":{"Temps estimat de lectura":"3 minuts"},"schema":{"@context":"https:\/\/schema.org","@graph":[{"@type":"WebPage","@id":"https:\/\/rosascoot.com\/conditions\/","url":"https:\/\/rosascoot.com\/conditions\/","name":"(Fran\u00e7ais) Conditions - rosascoot","isPartOf":{"@id":"https:\/\/rosascoot.com\/fr\/#website"},"datePublished":"2016-06-14T17:52:15+00:00","dateModified":"2025-08-25T17:42:54+00:00","breadcrumb":{"@id":"https:\/\/rosascoot.com\/conditions\/#breadcrumb"},"inLanguage":"ca","potentialAction":[{"@type":"ReadAction","target":["https:\/\/rosascoot.com\/conditions\/"]}]},{"@type":"BreadcrumbList","@id":"https:\/\/rosascoot.com\/conditions\/#breadcrumb","itemListElement":[{"@type":"ListItem","position":1,"name":"Accueil","item":"https:\/\/rosascoot.com\/"},{"@type":"ListItem","position":2,"name":"Conditions"}]},{"@type":"WebSite","@id":"https:\/\/rosascoot.com\/fr\/#website","url":"https:\/\/rosascoot.com\/fr\/","name":"rosascoot","description":"LLOGUER DE SCOOTER, LLOGUER I VENTA BICIS BTT Y EBIKE","publisher":{"@id":"https:\/\/rosascoot.com\/fr\/#organization"},"potentialAction":[{"@type":"SearchAction","target":{"@type":"EntryPoint","urlTemplate":"https:\/\/rosascoot.com\/fr\/?s={search_term_string}"},"query-input":{"@type":"PropertyValueSpecification","valueRequired":true,"valueName":"search_term_string"}}],"inLanguage":"ca"},{"@type":"Organization","@id":"https:\/\/rosascoot.com\/fr\/#organization","name":"rosascoot","url":"https:\/\/rosascoot.com\/fr\/","logo":{"@type":"ImageObject","inLanguage":"ca","@id":"https:\/\/rosascoot.com\/fr\/#\/schema\/logo\/image\/","url":"https:\/\/rosascoot.com\/wp-content\/uploads\/2016\/07\/0.png","contentUrl":"https:\/\/rosascoot.com\/wp-content\/uploads\/2016\/07\/0.png","width":1096,"height":164,"caption":"rosascoot"},"image":{"@id":"https:\/\/rosascoot.com\/fr\/#\/schema\/logo\/image\/"},"sameAs":["https:\/\/m.facebook.com\/Rosascoot-1038480526241967\/"]}]}},"_links":{"self":[{"href":"https:\/\/rosascoot.com\/ca\/wp-json\/wp\/v2\/pages\/84","targetHints":{"allow":["GET"]}}],"collection":[{"href":"https:\/\/rosascoot.com\/ca\/wp-json\/wp\/v2\/pages"}],"about":[{"href":"https:\/\/rosascoot.com\/ca\/wp-json\/wp\/v2\/types\/page"}],"author":[{"embeddable":true,"href":"https:\/\/rosascoot.com\/ca\/wp-json\/wp\/v2\/users\/1"}],"replies":[{"embeddable":true,"href":"https:\/\/rosascoot.com\/ca\/wp-json\/wp\/v2\/comments?post=84"}],"version-history":[{"count":7,"href":"https:\/\/rosascoot.com\/ca\/wp-json\/wp\/v2\/pages\/84\/revisions"}],"predecessor-version":[{"id":1326,"href":"https:\/\/rosascoot.com\/ca\/wp-json\/wp\/v2\/pages\/84\/revisions\/1326"}],"wp:attachment":[{"href":"https:\/\/rosascoot.com\/ca\/wp-json\/wp\/v2\/media?parent=84"}],"curies":[{"name":"wp","href":"https:\/\/api.w.org\/{rel}","templated":true}]}}