{"id":22,"date":"2016-05-28T00:12:29","date_gmt":"2016-05-27T22:12:29","guid":{"rendered":"http:\/\/rosascoot.com\/?page_id=22"},"modified":"2025-09-01T23:49:39","modified_gmt":"2025-09-01T21:49:39","slug":"contact","status":"publish","type":"page","link":"https:\/\/rosascoot.com\/es\/contact\/","title":{"rendered":"Contacto"},"content":{"rendered":"<h4><strong>\u2706 <a href=\"tel:+34661388680\">Tel\u00e9fono +34661388680<\/a><\/strong><\/h4>\n\n<div class=\"wpcf7 no-js\" id=\"wpcf7-f96-o3\" lang=\"fr-FR\" dir=\"ltr\" data-wpcf7-id=\"96\">\n<div class=\"screen-reader-response\"><p role=\"status\" aria-live=\"polite\" aria-atomic=\"true\"><\/p> <ul><\/ul><\/div>\n<form action=\"\/es\/wp-json\/wp\/v2\/pages\/22#wpcf7-f96-o3\" method=\"post\" class=\"wpcf7-form init\" aria-label=\"Formulaire de contact\" novalidate=\"novalidate\" data-status=\"init\">\n<fieldset class=\"hidden-fields-container\"><input type=\"hidden\" name=\"_wpcf7\" value=\"96\" \/><input type=\"hidden\" name=\"_wpcf7_version\" value=\"6.1.5\" \/><input type=\"hidden\" name=\"_wpcf7_locale\" value=\"fr_FR\" \/><input type=\"hidden\" name=\"_wpcf7_unit_tag\" value=\"wpcf7-f96-o3\" \/><input type=\"hidden\" name=\"_wpcf7_container_post\" value=\"0\" \/><input type=\"hidden\" name=\"_wpcf7_posted_data_hash\" value=\"\" \/><input type=\"hidden\" name=\"_wpcf7_recaptcha_response\" value=\"\" \/>\n<\/fieldset>\n<p>su nombre y apellido(requerido)\n<\/p>\n<p><span class=\"wpcf7-form-control-wrap\" data-name=\"your-name\"><input size=\"40\" maxlength=\"400\" class=\"wpcf7-form-control wpcf7-text wpcf7-validates-as-required\" aria-required=\"true\" aria-invalid=\"false\" value=\"\" type=\"text\" name=\"your-name\" \/><\/span>\n<\/p>\n<p>email (requerido)\n<\/p>\n<p><span class=\"wpcf7-form-control-wrap\" data-name=\"your-email\"><input size=\"40\" maxlength=\"400\" class=\"wpcf7-form-control wpcf7-email wpcf7-validates-as-required wpcf7-text wpcf7-validates-as-email\" aria-required=\"true\" aria-invalid=\"false\" value=\"\" type=\"email\" name=\"your-email\" \/><\/span>\n<\/p>\n<p>tel\u00e9fono\n<\/p>\n<p><span class=\"wpcf7-form-control-wrap\" data-name=\"your-tel\"><input size=\"40\" maxlength=\"400\" class=\"wpcf7-form-control wpcf7-tel wpcf7-text wpcf7-validates-as-tel\" aria-invalid=\"false\" value=\"\" type=\"tel\" name=\"your-tel\" \/><\/span>\n<\/p>\n<p>Entra las fechas que desee entre <span class=\"wpcf7-form-control-wrap\" data-name=\"your-date\"><input class=\"wpcf7-form-control wpcf7-date wpcf7-validates-as-date\" aria-invalid=\"false\" value=\"\" type=\"date\" name=\"your-date\" \/><\/span> y el <span class=\"wpcf7-form-control-wrap\" data-name=\"date-74\"><input class=\"wpcf7-form-control wpcf7-date wpcf7-validates-as-date\" aria-invalid=\"false\" value=\"\" type=\"date\" name=\"date-74\" \/><\/span>\n<\/p>\n<p>sujeto\n<\/p>\n<p><span class=\"wpcf7-form-control-wrap\" data-name=\"your-subject\"><input size=\"40\" maxlength=\"400\" class=\"wpcf7-form-control wpcf7-text\" aria-invalid=\"false\" value=\"\" type=\"text\" name=\"your-subject\" \/><\/span>\n<\/p>\n<p>vuestro mensaje\n<\/p>\n<p><span class=\"wpcf7-form-control-wrap\" data-name=\"your-message\"><textarea cols=\"40\" rows=\"10\" maxlength=\"2000\" class=\"wpcf7-form-control wpcf7-textarea\" aria-invalid=\"false\" name=\"your-message\"><\/textarea><\/span>\n<\/p>\n\n<p><input class=\"wpcf7-form-control wpcf7-submit has-spinner\" type=\"submit\" value=\"enviar\" \/>\n<\/p><div class=\"wpcf7-response-output\" aria-hidden=\"true\"><\/div>\n<\/form>\n<\/div>","protected":false},"excerpt":{"rendered":"<p>\u2706 Tel\u00e9fono +34661388680<\/p>\n","protected":false},"author":1,"featured_media":50,"parent":0,"menu_order":0,"comment_status":"closed","ping_status":"closed","template":"","meta":{"footnotes":""},"class_list":["post-22","page","type-page","status-publish","has-post-thumbnail","hentry"],"yoast_head":"<!-- This site is optimized with the Yoast SEO plugin v27.4 - https:\/\/yoast.com\/product\/yoast-seo-wordpress\/ -->\n<title>(English) Formulaire de contact pour des informations - rosascoot<\/title>\n<meta name=\"description\" content=\"Cons\u00faltenos sobre una oferta o disponibilidad de alquiler de bicicletas o scooters en Rosas (Roses) Cons\u00faltenos sobre una oferta o disponibilidad de alquiler de bicicletas o scooters en Rosas (Roses) Cons\u00faltenos sobre una oferta o disponibilidad de alquiler de bicicletas o scooters en Rosas (Roses) (Fran\u00e7ais) Contact (Fran\u00e7ais) Contact (Fran\u00e7ais) Contact\" \/>\n<meta name=\"robots\" content=\"index, follow, max-snippet:-1, max-image-preview:large, max-video-preview:-1\" \/>\n<link rel=\"canonical\" href=\"https:\/\/rosascoot.com\/contact\/\" \/>\n<meta property=\"og:locale\" content=\"es_ES\" \/>\n<meta property=\"og:type\" content=\"article\" \/>\n<meta property=\"og:title\" content=\"[:en]Formulaire de contact pour des informations - rosascoot [:]\" \/>\n<meta property=\"og:description\" content=\"{:en}Contact us regarding an offer or availability for a bike or scooter rental in Rosas (Roses) Contact us regarding an offer or availability for a bike or scooter rental in Rosas (Roses) Contact us regarding an offer or availability for a bike or scooter rental in Rosas (Roses)(Fran\u00e7ais) Contact {:es}Cons\u00faltenos sobre una oferta o disponibilidad de alquiler de bicicletas o scooters en Rosas (Roses) Cons\u00faltenos sobre una oferta o disponibilidad de alquiler de bicicletas o scooters en Rosas (Roses) Cons\u00faltenos sobre una oferta o disponibilidad de alquiler de bicicletas o scooters en Rosas (Roses) (Fran\u00e7ais) Contact (Fran\u00e7ais) Contact (Fran\u00e7ais) Contact {:ca} Contacta&#039;ns per a una oferta o disponibilitat de lloguer de bicicletes o scooters a Rosas (Roses) (Fran\u00e7ais) Contact (Fran\u00e7ais) Contact (Fran\u00e7ais) Contact {:}\" \/>\n<meta property=\"og:url\" content=\"https:\/\/rosascoot.com\/contact\/\" \/>\n<meta property=\"og:site_name\" content=\"rosascoot\" \/>\n<meta property=\"article:publisher\" content=\"https:\/\/m.facebook.com\/Rosascoot-1038480526241967\/\" \/>\n<meta property=\"article:modified_time\" content=\"2025-09-01T21:49:39+00:00\" \/>\n<meta property=\"og:image\" content=\"https:\/\/rosascoot.com\/wp-content\/uploads\/2016\/06\/mail.png\" \/>\n\t<meta property=\"og:image:width\" content=\"128\" \/>\n\t<meta property=\"og:image:height\" content=\"128\" \/>\n\t<meta property=\"og:image:type\" content=\"image\/png\" \/>\n<meta name=\"twitter:card\" content=\"summary_large_image\" \/>\n<meta name=\"twitter:label1\" content=\"Tiempo de lectura\" \/>\n\t<meta name=\"twitter:data1\" content=\"1 minuto\" \/>\n<script type=\"application\/ld+json\" class=\"yoast-schema-graph\">{\"@context\":\"https:\\\/\\\/schema.org\",\"@graph\":[{\"@type\":[\"WebPage\",\"ContactPage\"],\"@id\":\"https:\\\/\\\/rosascoot.com\\\/contact\\\/\",\"url\":\"https:\\\/\\\/rosascoot.com\\\/contact\\\/\",\"name\":\"[:en]Formulaire de contact pour des informations - rosascoot [:]\",\"isPartOf\":{\"@id\":\"https:\\\/\\\/rosascoot.com\\\/fr\\\/#website\"},\"primaryImageOfPage\":{\"@id\":\"https:\\\/\\\/rosascoot.com\\\/contact\\\/#primaryimage\"},\"image\":{\"@id\":\"https:\\\/\\\/rosascoot.com\\\/contact\\\/#primaryimage\"},\"thumbnailUrl\":\"https:\\\/\\\/rosascoot.com\\\/wp-content\\\/uploads\\\/2016\\\/06\\\/mail.png\",\"datePublished\":\"2016-05-27T22:12:29+00:00\",\"dateModified\":\"2025-09-01T21:49:39+00:00\",\"description\":\"{:en}Contact us regarding an offer or availability for a bike or scooter rental in Rosas (Roses) Contact us regarding an offer or availability for a bike or scooter rental in Rosas (Roses) Contact us regarding an offer or availability for a bike or scooter rental in Rosas (Roses)(Fran\u00e7ais) Contact {:es}Cons\u00faltenos sobre una oferta o disponibilidad de alquiler de bicicletas o scooters en Rosas (Roses) Cons\u00faltenos sobre una oferta o disponibilidad de alquiler de bicicletas o scooters en Rosas (Roses) Cons\u00faltenos sobre una oferta o disponibilidad de alquiler de bicicletas o scooters en Rosas (Roses) (Fran\u00e7ais) Contact (Fran\u00e7ais) Contact (Fran\u00e7ais) Contact {:ca} Contacta'ns per a una oferta o disponibilitat de lloguer de bicicletes o scooters a Rosas (Roses) (Fran\u00e7ais) Contact (Fran\u00e7ais) Contact (Fran\u00e7ais) Contact {:}\",\"breadcrumb\":{\"@id\":\"https:\\\/\\\/rosascoot.com\\\/contact\\\/#breadcrumb\"},\"inLanguage\":\"es\",\"potentialAction\":[{\"@type\":\"ReadAction\",\"target\":[\"https:\\\/\\\/rosascoot.com\\\/contact\\\/\"]}]},{\"@type\":\"ImageObject\",\"inLanguage\":\"es\",\"@id\":\"https:\\\/\\\/rosascoot.com\\\/contact\\\/#primaryimage\",\"url\":\"https:\\\/\\\/rosascoot.com\\\/wp-content\\\/uploads\\\/2016\\\/06\\\/mail.png\",\"contentUrl\":\"https:\\\/\\\/rosascoot.com\\\/wp-content\\\/uploads\\\/2016\\\/06\\\/mail.png\",\"width\":128,\"height\":128},{\"@type\":\"BreadcrumbList\",\"@id\":\"https:\\\/\\\/rosascoot.com\\\/contact\\\/#breadcrumb\",\"itemListElement\":[{\"@type\":\"ListItem\",\"position\":1,\"name\":\"Accueil\",\"item\":\"https:\\\/\\\/rosascoot.com\\\/\"},{\"@type\":\"ListItem\",\"position\":2,\"name\":\"Contact\"}]},{\"@type\":\"WebSite\",\"@id\":\"https:\\\/\\\/rosascoot.com\\\/fr\\\/#website\",\"url\":\"https:\\\/\\\/rosascoot.com\\\/fr\\\/\",\"name\":\"rosascoot\",\"description\":\"ALQUILER DE SCOOTERS, ALQUILER Y VENTA BICICLETAS BTT Y EBIKE\",\"publisher\":{\"@id\":\"https:\\\/\\\/rosascoot.com\\\/fr\\\/#organization\"},\"potentialAction\":[{\"@type\":\"SearchAction\",\"target\":{\"@type\":\"EntryPoint\",\"urlTemplate\":\"https:\\\/\\\/rosascoot.com\\\/fr\\\/?s={search_term_string}\"},\"query-input\":{\"@type\":\"PropertyValueSpecification\",\"valueRequired\":true,\"valueName\":\"search_term_string\"}}],\"inLanguage\":\"es\"},{\"@type\":\"Organization\",\"@id\":\"https:\\\/\\\/rosascoot.com\\\/fr\\\/#organization\",\"name\":\"rosascoot\",\"url\":\"https:\\\/\\\/rosascoot.com\\\/fr\\\/\",\"logo\":{\"@type\":\"ImageObject\",\"inLanguage\":\"es\",\"@id\":\"https:\\\/\\\/rosascoot.com\\\/fr\\\/#\\\/schema\\\/logo\\\/image\\\/\",\"url\":\"https:\\\/\\\/rosascoot.com\\\/wp-content\\\/uploads\\\/2016\\\/07\\\/0.png\",\"contentUrl\":\"https:\\\/\\\/rosascoot.com\\\/wp-content\\\/uploads\\\/2016\\\/07\\\/0.png\",\"width\":1096,\"height\":164,\"caption\":\"rosascoot\"},\"image\":{\"@id\":\"https:\\\/\\\/rosascoot.com\\\/fr\\\/#\\\/schema\\\/logo\\\/image\\\/\"},\"sameAs\":[\"https:\\\/\\\/m.facebook.com\\\/Rosascoot-1038480526241967\\\/\"]}]}<\/script>\n<!-- \/ Yoast SEO plugin. -->","yoast_head_json":{"title":"(English) Formulaire de contact pour des informations - rosascoot","description":"Cons\u00faltenos sobre una oferta o disponibilidad de alquiler de bicicletas o scooters en Rosas (Roses) Cons\u00faltenos sobre una oferta o disponibilidad de alquiler de bicicletas o scooters en Rosas (Roses) Cons\u00faltenos sobre una oferta o disponibilidad de alquiler de bicicletas o scooters en Rosas (Roses) (Fran\u00e7ais) Contact (Fran\u00e7ais) Contact (Fran\u00e7ais) Contact","robots":{"index":"index","follow":"follow","max-snippet":"max-snippet:-1","max-image-preview":"max-image-preview:large","max-video-preview":"max-video-preview:-1"},"canonical":"https:\/\/rosascoot.com\/contact\/","og_locale":"es_ES","og_type":"article","og_title":"[:en]Formulaire de contact pour des informations - rosascoot [:]","og_description":"{:en}Contact us regarding an offer or availability for a bike or scooter rental in Rosas (Roses) Contact us regarding an offer or availability for a bike or scooter rental in Rosas (Roses) Contact us regarding an offer or availability for a bike or scooter rental in Rosas (Roses)(Fran\u00e7ais) Contact {:es}Cons\u00faltenos sobre una oferta o disponibilidad de alquiler de bicicletas o scooters en Rosas (Roses) Cons\u00faltenos sobre una oferta o disponibilidad de alquiler de bicicletas o scooters en Rosas (Roses) Cons\u00faltenos sobre una oferta o disponibilidad de alquiler de bicicletas o scooters en Rosas (Roses) (Fran\u00e7ais) Contact (Fran\u00e7ais) Contact (Fran\u00e7ais) Contact {:ca} Contacta'ns per a una oferta o disponibilitat de lloguer de bicicletes o scooters a Rosas (Roses) (Fran\u00e7ais) Contact (Fran\u00e7ais) Contact (Fran\u00e7ais) Contact {:}","og_url":"https:\/\/rosascoot.com\/contact\/","og_site_name":"rosascoot","article_publisher":"https:\/\/m.facebook.com\/Rosascoot-1038480526241967\/","article_modified_time":"2025-09-01T21:49:39+00:00","og_image":[{"width":128,"height":128,"url":"https:\/\/rosascoot.com\/wp-content\/uploads\/2016\/06\/mail.png","type":"image\/png"}],"twitter_card":"summary_large_image","twitter_misc":{"Tiempo de lectura":"1 minuto"},"schema":{"@context":"https:\/\/schema.org","@graph":[{"@type":["WebPage","ContactPage"],"@id":"https:\/\/rosascoot.com\/contact\/","url":"https:\/\/rosascoot.com\/contact\/","name":"[:en]Formulaire de contact pour des informations - rosascoot [:]","isPartOf":{"@id":"https:\/\/rosascoot.com\/fr\/#website"},"primaryImageOfPage":{"@id":"https:\/\/rosascoot.com\/contact\/#primaryimage"},"image":{"@id":"https:\/\/rosascoot.com\/contact\/#primaryimage"},"thumbnailUrl":"https:\/\/rosascoot.com\/wp-content\/uploads\/2016\/06\/mail.png","datePublished":"2016-05-27T22:12:29+00:00","dateModified":"2025-09-01T21:49:39+00:00","description":"{:en}Contact us regarding an offer or availability for a bike or scooter rental in Rosas (Roses) Contact us regarding an offer or availability for a bike or scooter rental in Rosas (Roses) Contact us regarding an offer or availability for a bike or scooter rental in Rosas (Roses)(Fran\u00e7ais) Contact {:es}Cons\u00faltenos sobre una oferta o disponibilidad de alquiler de bicicletas o scooters en Rosas (Roses) Cons\u00faltenos sobre una oferta o disponibilidad de alquiler de bicicletas o scooters en Rosas (Roses) Cons\u00faltenos sobre una oferta o disponibilidad de alquiler de bicicletas o scooters en Rosas (Roses) (Fran\u00e7ais) Contact (Fran\u00e7ais) Contact (Fran\u00e7ais) Contact {:ca} Contacta'ns per a una oferta o disponibilitat de lloguer de bicicletes o scooters a Rosas (Roses) (Fran\u00e7ais) Contact (Fran\u00e7ais) Contact (Fran\u00e7ais) Contact {:}","breadcrumb":{"@id":"https:\/\/rosascoot.com\/contact\/#breadcrumb"},"inLanguage":"es","potentialAction":[{"@type":"ReadAction","target":["https:\/\/rosascoot.com\/contact\/"]}]},{"@type":"ImageObject","inLanguage":"es","@id":"https:\/\/rosascoot.com\/contact\/#primaryimage","url":"https:\/\/rosascoot.com\/wp-content\/uploads\/2016\/06\/mail.png","contentUrl":"https:\/\/rosascoot.com\/wp-content\/uploads\/2016\/06\/mail.png","width":128,"height":128},{"@type":"BreadcrumbList","@id":"https:\/\/rosascoot.com\/contact\/#breadcrumb","itemListElement":[{"@type":"ListItem","position":1,"name":"Accueil","item":"https:\/\/rosascoot.com\/"},{"@type":"ListItem","position":2,"name":"Contact"}]},{"@type":"WebSite","@id":"https:\/\/rosascoot.com\/fr\/#website","url":"https:\/\/rosascoot.com\/fr\/","name":"rosascoot","description":"ALQUILER DE SCOOTERS, ALQUILER Y VENTA BICICLETAS BTT Y EBIKE","publisher":{"@id":"https:\/\/rosascoot.com\/fr\/#organization"},"potentialAction":[{"@type":"SearchAction","target":{"@type":"EntryPoint","urlTemplate":"https:\/\/rosascoot.com\/fr\/?s={search_term_string}"},"query-input":{"@type":"PropertyValueSpecification","valueRequired":true,"valueName":"search_term_string"}}],"inLanguage":"es"},{"@type":"Organization","@id":"https:\/\/rosascoot.com\/fr\/#organization","name":"rosascoot","url":"https:\/\/rosascoot.com\/fr\/","logo":{"@type":"ImageObject","inLanguage":"es","@id":"https:\/\/rosascoot.com\/fr\/#\/schema\/logo\/image\/","url":"https:\/\/rosascoot.com\/wp-content\/uploads\/2016\/07\/0.png","contentUrl":"https:\/\/rosascoot.com\/wp-content\/uploads\/2016\/07\/0.png","width":1096,"height":164,"caption":"rosascoot"},"image":{"@id":"https:\/\/rosascoot.com\/fr\/#\/schema\/logo\/image\/"},"sameAs":["https:\/\/m.facebook.com\/Rosascoot-1038480526241967\/"]}]}},"_links":{"self":[{"href":"https:\/\/rosascoot.com\/es\/wp-json\/wp\/v2\/pages\/22","targetHints":{"allow":["GET"]}}],"collection":[{"href":"https:\/\/rosascoot.com\/es\/wp-json\/wp\/v2\/pages"}],"about":[{"href":"https:\/\/rosascoot.com\/es\/wp-json\/wp\/v2\/types\/page"}],"author":[{"embeddable":true,"href":"https:\/\/rosascoot.com\/es\/wp-json\/wp\/v2\/users\/1"}],"replies":[{"embeddable":true,"href":"https:\/\/rosascoot.com\/es\/wp-json\/wp\/v2\/comments?post=22"}],"version-history":[{"count":15,"href":"https:\/\/rosascoot.com\/es\/wp-json\/wp\/v2\/pages\/22\/revisions"}],"predecessor-version":[{"id":1965,"href":"https:\/\/rosascoot.com\/es\/wp-json\/wp\/v2\/pages\/22\/revisions\/1965"}],"wp:featuredmedia":[{"embeddable":true,"href":"https:\/\/rosascoot.com\/es\/wp-json\/wp\/v2\/media\/50"}],"wp:attachment":[{"href":"https:\/\/rosascoot.com\/es\/wp-json\/wp\/v2\/media?parent=22"}],"curies":[{"name":"wp","href":"https:\/\/api.w.org\/{rel}","templated":true}]}}