{"id":84,"date":"2016-06-14T19:52:15","date_gmt":"2016-06-14T17:52:15","guid":{"rendered":"http:\/\/rosascoot.com\/?page_id=84"},"modified":"2025-08-25T19:42:54","modified_gmt":"2025-08-25T17:42:54","slug":"conditions","status":"publish","type":"page","link":"https:\/\/rosascoot.com\/es\/conditions\/","title":{"rendered":"(Fran\u00e7ais) Conditions"},"content":{"rendered":"<strong>Fianza<\/strong><\/p>\n<p>El arrendatario paga hoy al propietario la suma de: 300 Euros para las motos \/ 200 Euros para las bicicletas.<\/p>\n<p>A modo de fianza o dep\u00f3sito de garant\u00eda para responder de los da\u00f1os que pudieran ser causados a los objetos alquilados. El reembolso de la fianza se efectuar\u00e1 a la devoluci\u00f3n del material en buen estado. El arrendatario se compromete a devolver el material en el mismo estado de limpieza y buen funcionamiento que en el momento de su recepci\u00f3n.\u00a0 El equipo ser\u00e1 controlado antes del alquiler y en el momento de su devoluci\u00f3n.\u00a0 Cualquier limpieza, defectos, irregularidades, desgaste excesivo, rotura del chasis (Cuadro, horquilla y amortiguador, carrocer\u00eda y asiento, sistema de refrigeraci\u00f3n, frenos delanteros y traseros, instrumentaci\u00f3n, cabina, manillar y pedales, manijas, acelerador, topes) en relaci\u00f3n con el uso especificado son a cargo del arrendatario del material.<\/p>\n<p><strong>P\u00e9rdida o robo<\/strong><\/p>\n<p>En caso de p\u00e9rdida o robo, de siniestro responsable o de rotura del motor, el arrendatario se compromete a reembolsar un material equivalente de un valor de 1700 \u20ac para los scooters o 200 euros para las bicicletas vtc y vtt cl\u00e1sicas, y 4000 \u20ac para las bicicletas el\u00e9ctricas de 500 a 600 vatios y 5900 \u20ac para las bicicletas el\u00e9ctricas 750 vatios. El arrendatario es responsable del material tan pronto como \u00e9ste deja al propietario.<\/p>\n<p>El arrendatario certifica conocer el funcionamiento y la manipulaci\u00f3n del material, as\u00ed como todas las advertencias de seguridad, los riesgos y las precauciones que deben tomarse en relaci\u00f3n con el uso del material descrito en este contrato.<\/p>\n<p>Por lo tanto, el inquilino ser\u00e1 responsable de cualquier mal uso, y los da\u00f1os que puedan resultar. Los pinchazos, falta de gasolina, problemas de bater\u00eda son responsabilidad del cliente.<\/p>\n<p>En caso de multa, los gastos de gesti\u00f3n del expediente ser\u00e1n facturados 40,00 Euros T.T.C por infracci\u00f3n. El cliente pagar\u00e1 todos los cargos, multas y gastos por todas las infracciones de tr\u00e1fico, estacionamiento, etc&#8230;<\/p>\n<p>El cliente declara haber realizado toda la formaci\u00f3n necesaria para conducir el veh\u00edculo alquilado en este contrato.<\/p>\n<p>El veh\u00edculo debe ser devuelto por el cliente a la agencia o ha tomado posesi\u00f3n de este \u00faltimo (incluso en caso de aver\u00eda, accidente, pinchazo, vuelta de vuelo etc&#8230;)<\/p>\n<p>El veh\u00edculo debe ser devuelto limpio. Gastos de lavado 10 Euros.<\/p>\n<p>Cualquier retraso en la fecha de devoluci\u00f3n prevista en el presente contrato se facturar\u00e1 a la tarifa de un d\u00eda de alquiler por tramos de 24 horas.<\/p>\n<p><strong>CONDICIONES DE ALQUILER DE UN SCOOTER ACCESIBLE CON PERMISO B:<\/strong><\/p>\n<p>Permiso v\u00e1lido: A, A1 o B v\u00e1lido por m\u00e1s de 3 a\u00f1os.<\/p>\n<p>Firma precedida de la menci\u00f3n manuscrita: \u00abVale para la aceptaci\u00f3n, sin reservas, de las condiciones de alquiler que figuran en el anverso y reverso del presente contrato\u00bb.","protected":false},"excerpt":{"rendered":"<p>Fianza El arrendatario paga hoy al propietario la suma de: 300 Euros para las motos \/ 200 Euros para las bicicletas. A modo de fianza o dep\u00f3sito de garant\u00eda para responder de los da\u00f1os que pudieran ser causados a los objetos alquilados. El reembolso de la fianza se efectuar\u00e1 a la devoluci\u00f3n del material en [&hellip;]<\/p>\n","protected":false},"author":1,"featured_media":0,"parent":0,"menu_order":0,"comment_status":"closed","ping_status":"closed","template":"","meta":{"footnotes":""},"class_list":["post-84","page","type-page","status-publish","hentry"],"yoast_head":"<!-- This site is optimized with the Yoast SEO plugin v27.5 - https:\/\/yoast.com\/product\/yoast-seo-wordpress\/ -->\n<title>(Fran\u00e7ais) Conditions - rosascoot<\/title>\n<meta name=\"robots\" content=\"index, follow, max-snippet:-1, max-image-preview:large, max-video-preview:-1\" \/>\n<link rel=\"canonical\" href=\"https:\/\/rosascoot.com\/conditions\/\" \/>\n<meta property=\"og:locale\" content=\"es_ES\" \/>\n<meta property=\"og:type\" content=\"article\" \/>\n<meta property=\"og:title\" content=\"(Fran\u00e7ais) Conditions - rosascoot\" \/>\n<meta property=\"og:description\" content=\"Fianza El arrendatario paga hoy al propietario la suma de: 300 Euros para las motos \/ 200 Euros para las bicicletas. A modo de fianza o dep\u00f3sito de garant\u00eda para responder de los da\u00f1os que pudieran ser causados a los objetos alquilados. El reembolso de la fianza se efectuar\u00e1 a la devoluci\u00f3n del material en [&hellip;]\" \/>\n<meta property=\"og:url\" content=\"https:\/\/rosascoot.com\/conditions\/\" \/>\n<meta property=\"og:site_name\" content=\"rosascoot\" \/>\n<meta property=\"article:publisher\" content=\"https:\/\/m.facebook.com\/Rosascoot-1038480526241967\/\" \/>\n<meta property=\"article:modified_time\" content=\"2025-08-25T17:42:54+00:00\" \/>\n<meta name=\"twitter:card\" content=\"summary_large_image\" \/>\n<meta name=\"twitter:label1\" content=\"Tiempo de lectura\" \/>\n\t<meta name=\"twitter:data1\" content=\"3 minutos\" \/>\n<script type=\"application\/ld+json\" class=\"yoast-schema-graph\">{\"@context\":\"https:\\\/\\\/schema.org\",\"@graph\":[{\"@type\":\"WebPage\",\"@id\":\"https:\\\/\\\/rosascoot.com\\\/conditions\\\/\",\"url\":\"https:\\\/\\\/rosascoot.com\\\/conditions\\\/\",\"name\":\"(Fran\u00e7ais) Conditions - rosascoot\",\"isPartOf\":{\"@id\":\"https:\\\/\\\/rosascoot.com\\\/fr\\\/#website\"},\"datePublished\":\"2016-06-14T17:52:15+00:00\",\"dateModified\":\"2025-08-25T17:42:54+00:00\",\"breadcrumb\":{\"@id\":\"https:\\\/\\\/rosascoot.com\\\/conditions\\\/#breadcrumb\"},\"inLanguage\":\"es\",\"potentialAction\":[{\"@type\":\"ReadAction\",\"target\":[\"https:\\\/\\\/rosascoot.com\\\/conditions\\\/\"]}]},{\"@type\":\"BreadcrumbList\",\"@id\":\"https:\\\/\\\/rosascoot.com\\\/conditions\\\/#breadcrumb\",\"itemListElement\":[{\"@type\":\"ListItem\",\"position\":1,\"name\":\"Accueil\",\"item\":\"https:\\\/\\\/rosascoot.com\\\/\"},{\"@type\":\"ListItem\",\"position\":2,\"name\":\"Conditions\"}]},{\"@type\":\"WebSite\",\"@id\":\"https:\\\/\\\/rosascoot.com\\\/fr\\\/#website\",\"url\":\"https:\\\/\\\/rosascoot.com\\\/fr\\\/\",\"name\":\"rosascoot\",\"description\":\"ALQUILER DE SCOOTERS, ALQUILER Y VENTA BICICLETAS BTT Y EBIKE\",\"publisher\":{\"@id\":\"https:\\\/\\\/rosascoot.com\\\/fr\\\/#organization\"},\"potentialAction\":[{\"@type\":\"SearchAction\",\"target\":{\"@type\":\"EntryPoint\",\"urlTemplate\":\"https:\\\/\\\/rosascoot.com\\\/fr\\\/?s={search_term_string}\"},\"query-input\":{\"@type\":\"PropertyValueSpecification\",\"valueRequired\":true,\"valueName\":\"search_term_string\"}}],\"inLanguage\":\"es\"},{\"@type\":\"Organization\",\"@id\":\"https:\\\/\\\/rosascoot.com\\\/fr\\\/#organization\",\"name\":\"rosascoot\",\"url\":\"https:\\\/\\\/rosascoot.com\\\/fr\\\/\",\"logo\":{\"@type\":\"ImageObject\",\"inLanguage\":\"es\",\"@id\":\"https:\\\/\\\/rosascoot.com\\\/fr\\\/#\\\/schema\\\/logo\\\/image\\\/\",\"url\":\"https:\\\/\\\/rosascoot.com\\\/wp-content\\\/uploads\\\/2016\\\/07\\\/0.png\",\"contentUrl\":\"https:\\\/\\\/rosascoot.com\\\/wp-content\\\/uploads\\\/2016\\\/07\\\/0.png\",\"width\":1096,\"height\":164,\"caption\":\"rosascoot\"},\"image\":{\"@id\":\"https:\\\/\\\/rosascoot.com\\\/fr\\\/#\\\/schema\\\/logo\\\/image\\\/\"},\"sameAs\":[\"https:\\\/\\\/m.facebook.com\\\/Rosascoot-1038480526241967\\\/\"]}]}<\/script>\n<!-- \/ Yoast SEO plugin. -->","yoast_head_json":{"title":"(Fran\u00e7ais) Conditions - rosascoot","robots":{"index":"index","follow":"follow","max-snippet":"max-snippet:-1","max-image-preview":"max-image-preview:large","max-video-preview":"max-video-preview:-1"},"canonical":"https:\/\/rosascoot.com\/conditions\/","og_locale":"es_ES","og_type":"article","og_title":"(Fran\u00e7ais) Conditions - rosascoot","og_description":"Fianza El arrendatario paga hoy al propietario la suma de: 300 Euros para las motos \/ 200 Euros para las bicicletas. A modo de fianza o dep\u00f3sito de garant\u00eda para responder de los da\u00f1os que pudieran ser causados a los objetos alquilados. El reembolso de la fianza se efectuar\u00e1 a la devoluci\u00f3n del material en [&hellip;]","og_url":"https:\/\/rosascoot.com\/conditions\/","og_site_name":"rosascoot","article_publisher":"https:\/\/m.facebook.com\/Rosascoot-1038480526241967\/","article_modified_time":"2025-08-25T17:42:54+00:00","twitter_card":"summary_large_image","twitter_misc":{"Tiempo de lectura":"3 minutos"},"schema":{"@context":"https:\/\/schema.org","@graph":[{"@type":"WebPage","@id":"https:\/\/rosascoot.com\/conditions\/","url":"https:\/\/rosascoot.com\/conditions\/","name":"(Fran\u00e7ais) Conditions - rosascoot","isPartOf":{"@id":"https:\/\/rosascoot.com\/fr\/#website"},"datePublished":"2016-06-14T17:52:15+00:00","dateModified":"2025-08-25T17:42:54+00:00","breadcrumb":{"@id":"https:\/\/rosascoot.com\/conditions\/#breadcrumb"},"inLanguage":"es","potentialAction":[{"@type":"ReadAction","target":["https:\/\/rosascoot.com\/conditions\/"]}]},{"@type":"BreadcrumbList","@id":"https:\/\/rosascoot.com\/conditions\/#breadcrumb","itemListElement":[{"@type":"ListItem","position":1,"name":"Accueil","item":"https:\/\/rosascoot.com\/"},{"@type":"ListItem","position":2,"name":"Conditions"}]},{"@type":"WebSite","@id":"https:\/\/rosascoot.com\/fr\/#website","url":"https:\/\/rosascoot.com\/fr\/","name":"rosascoot","description":"ALQUILER DE SCOOTERS, ALQUILER Y VENTA BICICLETAS BTT Y EBIKE","publisher":{"@id":"https:\/\/rosascoot.com\/fr\/#organization"},"potentialAction":[{"@type":"SearchAction","target":{"@type":"EntryPoint","urlTemplate":"https:\/\/rosascoot.com\/fr\/?s={search_term_string}"},"query-input":{"@type":"PropertyValueSpecification","valueRequired":true,"valueName":"search_term_string"}}],"inLanguage":"es"},{"@type":"Organization","@id":"https:\/\/rosascoot.com\/fr\/#organization","name":"rosascoot","url":"https:\/\/rosascoot.com\/fr\/","logo":{"@type":"ImageObject","inLanguage":"es","@id":"https:\/\/rosascoot.com\/fr\/#\/schema\/logo\/image\/","url":"https:\/\/rosascoot.com\/wp-content\/uploads\/2016\/07\/0.png","contentUrl":"https:\/\/rosascoot.com\/wp-content\/uploads\/2016\/07\/0.png","width":1096,"height":164,"caption":"rosascoot"},"image":{"@id":"https:\/\/rosascoot.com\/fr\/#\/schema\/logo\/image\/"},"sameAs":["https:\/\/m.facebook.com\/Rosascoot-1038480526241967\/"]}]}},"_links":{"self":[{"href":"https:\/\/rosascoot.com\/es\/wp-json\/wp\/v2\/pages\/84","targetHints":{"allow":["GET"]}}],"collection":[{"href":"https:\/\/rosascoot.com\/es\/wp-json\/wp\/v2\/pages"}],"about":[{"href":"https:\/\/rosascoot.com\/es\/wp-json\/wp\/v2\/types\/page"}],"author":[{"embeddable":true,"href":"https:\/\/rosascoot.com\/es\/wp-json\/wp\/v2\/users\/1"}],"replies":[{"embeddable":true,"href":"https:\/\/rosascoot.com\/es\/wp-json\/wp\/v2\/comments?post=84"}],"version-history":[{"count":7,"href":"https:\/\/rosascoot.com\/es\/wp-json\/wp\/v2\/pages\/84\/revisions"}],"predecessor-version":[{"id":1326,"href":"https:\/\/rosascoot.com\/es\/wp-json\/wp\/v2\/pages\/84\/revisions\/1326"}],"wp:attachment":[{"href":"https:\/\/rosascoot.com\/es\/wp-json\/wp\/v2\/media?parent=84"}],"curies":[{"name":"wp","href":"https:\/\/api.w.org\/{rel}","templated":true}]}}