{"id":853,"date":"2025-08-31T00:58:34","date_gmt":"2025-08-30T22:58:34","guid":{"rendered":"https:\/\/rosascoot.com\/?page_id=853"},"modified":"2025-08-31T01:14:21","modified_gmt":"2025-08-30T23:14:21","slug":"reparations-ebike-bosch-shimano-yamaha","status":"publish","type":"page","link":"https:\/\/rosascoot.com\/es\/reparations-ebike-bosch-shimano-yamaha\/","title":{"rendered":"Reparaciones"},"content":{"rendered":"<img loading=\"lazy\" decoding=\"async\" class=\"wp-image-1928 aligncenter\" src=\"https:\/\/rosascoot.com\/wp-content\/uploads\/2025\/08\/repare-300x200.png\" alt=\"\" width=\"764\" height=\"509\" srcset=\"https:\/\/rosascoot.com\/wp-content\/uploads\/2025\/08\/repare-300x200.png 300w, https:\/\/rosascoot.com\/wp-content\/uploads\/2025\/08\/repare-1024x683.png 1024w, https:\/\/rosascoot.com\/wp-content\/uploads\/2025\/08\/repare-768x512.png 768w, https:\/\/rosascoot.com\/wp-content\/uploads\/2025\/08\/repare.png 1536w\" sizes=\"auto, (max-width: 764px) 100vw, 764px\" \/><\/p>\n<p>ROSASCOOT no solo alquila bicicletas Ebike y scooters, tambi\u00e9n es un taller de reparaci\u00f3n para todas las bicicletas incluyendo EBIKE su concesionario oficial BOSCH, SHIMANO, YAMAHA, con su software de actualizaci\u00f3n y diagn\u00f3stico.<\/p>\n<p>Nuestras diferentes formaciones en nuestros socios hacen que estemos a la vanguardia de las bicicletas el\u00e9ctricas, hacemos reparaciones durante el d\u00eda, cuando podemos nos deja su bicicleta por la ma\u00f1ana, usted lo recupera al m\u00e1ximo por la tarde, (sujeto a piezas disponibles).<\/p>\n<p>Desde hace 10 a\u00f1os, hemos dise\u00f1ado una red de socios s\u00f3lidos que hacen que podamos tener piezas en 4 horas a 24 horas, esta es nuestra fuerza para poder ayudarle lo m\u00e1s r\u00e1pido posible.<\/p>\n<p>Porque somos conscientes de que su bicicleta es indispensable, siempre haremos todo lo posible para satisfacerle lo mejor y lo m\u00e1s r\u00e1pido posible y al mejor precio.","protected":false},"excerpt":{"rendered":"<p>ROSASCOOT no solo alquila bicicletas Ebike y scooters, tambi\u00e9n es un taller de reparaci\u00f3n para todas las bicicletas incluyendo EBIKE su concesionario oficial BOSCH, SHIMANO, YAMAHA, con su software de actualizaci\u00f3n y diagn\u00f3stico. Nuestras diferentes formaciones en nuestros socios hacen que estemos a la vanguardia de las bicicletas el\u00e9ctricas, hacemos reparaciones durante el d\u00eda, cuando [&hellip;]<\/p>\n","protected":false},"author":1,"featured_media":0,"parent":0,"menu_order":0,"comment_status":"closed","ping_status":"closed","template":"","meta":{"footnotes":""},"class_list":["post-853","page","type-page","status-publish","hentry"],"yoast_head":"<!-- This site is optimized with the Yoast SEO plugin v27.4 - https:\/\/yoast.com\/product\/yoast-seo-wordpress\/ -->\n<title>Reparaciones - rosascoot<\/title>\n<meta name=\"description\" content=\"(Fran\u00e7ais) ROSASCOOT ne fait pas seulement de la location de v\u00e9los Ebike et Scooters, c&#039;est aussi un atelier de r\u00e9paration de tous v\u00e9los dont EBIKE votre concessionnaire Officiel BOSCH, SHIMANO, YAMAHA, avec ses logiciels de mise a jour et de diagnostics.Nos diff\u00e9rentes formations chez nos partenaires font que nous sommes a la pointe du v\u00e9lo \u00e9lectrique, nous faisons des r\u00e9parations a la journ\u00e9e, quand nous le pouvons vous nous laissez votre v\u00e9lo le matin, vous le r\u00e9cup\u00e9rez au maximum l&#039;apr\u00e8s midi, (sous r\u00e9serve de pi\u00e8ces disponibles).Depuis maintenant 10 ann\u00e9es, nous avons con\u00e7u un r\u00e9seau de partenaires solides qui font que nous pouvons avoir des pi\u00e8ces sous 4 heures a 24 heures, c&#039;est ce qui est notre force pour pouvoir vous d\u00e9panner au plus vite.Parce que nous sommes conscient que votre v\u00e9lo est indispensable, nous ferons toujours tout pour vous satisfaire au mieux et au plus vite.\" \/>\n<meta name=\"robots\" content=\"index, follow, max-snippet:-1, max-image-preview:large, max-video-preview:-1\" \/>\n<link rel=\"canonical\" href=\"https:\/\/rosascoot.com\/reparations-ebike-bosch-shimano-yamaha\/\" \/>\n<meta property=\"og:locale\" content=\"es_ES\" \/>\n<meta property=\"og:type\" content=\"article\" \/>\n<meta property=\"og:title\" content=\"Reparaciones - rosascoot\" \/>\n<meta property=\"og:description\" content=\"{:fr}ROSASCOOT ne fait pas seulement de la location de v\u00e9los Ebike et Scooters, c&#039;est aussi un atelier de r\u00e9paration de tous v\u00e9los dont EBIKE votre concessionnaire Officiel BOSCH, SHIMANO, YAMAHA, avec ses logiciels de mise a jour et de diagnostics.Nos diff\u00e9rentes formations chez nos partenaires font que nous sommes a la pointe du v\u00e9lo \u00e9lectrique, nous faisons des r\u00e9parations a la journ\u00e9e, quand nous le pouvons vous nous laissez votre v\u00e9lo le matin, vous le r\u00e9cup\u00e9rez au maximum l&#039;apr\u00e8s midi, (sous r\u00e9serve de pi\u00e8ces disponibles).Depuis maintenant 10 ann\u00e9es, nous avons con\u00e7u un r\u00e9seau de partenaires solides qui font que nous pouvons avoir des pi\u00e8ces sous 4 heures a 24 heures, c&#039;est ce qui est notre force pour pouvoir vous d\u00e9panner au plus vite.Parce que nous sommes conscient que votre v\u00e9lo est indispensable, nous ferons toujours tout pour vous satisfaire au mieux et au plus vite.{:}\" \/>\n<meta property=\"og:url\" content=\"https:\/\/rosascoot.com\/reparations-ebike-bosch-shimano-yamaha\/\" \/>\n<meta property=\"og:site_name\" content=\"rosascoot\" \/>\n<meta property=\"article:publisher\" content=\"https:\/\/m.facebook.com\/Rosascoot-1038480526241967\/\" \/>\n<meta property=\"article:modified_time\" content=\"2025-08-30T23:14:21+00:00\" \/>\n<meta property=\"og:image\" content=\"https:\/\/rosascoot.com\/wp-content\/uploads\/2025\/08\/repare-1024x683.png\" \/>\n\t<meta property=\"og:image:width\" content=\"1024\" \/>\n\t<meta property=\"og:image:height\" content=\"683\" \/>\n\t<meta property=\"og:image:type\" content=\"image\/png\" \/>\n<meta name=\"twitter:card\" content=\"summary_large_image\" \/>\n<meta name=\"twitter:label1\" content=\"Tiempo de lectura\" \/>\n\t<meta name=\"twitter:data1\" content=\"1 minuto\" \/>\n<script type=\"application\/ld+json\" class=\"yoast-schema-graph\">{\"@context\":\"https:\\\/\\\/schema.org\",\"@graph\":[{\"@type\":\"WebPage\",\"@id\":\"https:\\\/\\\/rosascoot.com\\\/reparations-ebike-bosch-shimano-yamaha\\\/\",\"url\":\"https:\\\/\\\/rosascoot.com\\\/reparations-ebike-bosch-shimano-yamaha\\\/\",\"name\":\"Reparaciones - rosascoot\",\"isPartOf\":{\"@id\":\"https:\\\/\\\/rosascoot.com\\\/fr\\\/#website\"},\"primaryImageOfPage\":{\"@id\":\"https:\\\/\\\/rosascoot.com\\\/reparations-ebike-bosch-shimano-yamaha\\\/#primaryimage\"},\"image\":{\"@id\":\"https:\\\/\\\/rosascoot.com\\\/reparations-ebike-bosch-shimano-yamaha\\\/#primaryimage\"},\"thumbnailUrl\":\"https:\\\/\\\/rosascoot.com\\\/wp-content\\\/uploads\\\/2025\\\/08\\\/repare-300x200.png\",\"datePublished\":\"2025-08-30T22:58:34+00:00\",\"dateModified\":\"2025-08-30T23:14:21+00:00\",\"description\":\"{:fr}ROSASCOOT ne fait pas seulement de la location de v\u00e9los Ebike et Scooters, c'est aussi un atelier de r\u00e9paration de tous v\u00e9los dont EBIKE votre concessionnaire Officiel BOSCH, SHIMANO, YAMAHA, avec ses logiciels de mise a jour et de diagnostics.Nos diff\u00e9rentes formations chez nos partenaires font que nous sommes a la pointe du v\u00e9lo \u00e9lectrique, nous faisons des r\u00e9parations a la journ\u00e9e, quand nous le pouvons vous nous laissez votre v\u00e9lo le matin, vous le r\u00e9cup\u00e9rez au maximum l'apr\u00e8s midi, (sous r\u00e9serve de pi\u00e8ces disponibles).Depuis maintenant 10 ann\u00e9es, nous avons con\u00e7u un r\u00e9seau de partenaires solides qui font que nous pouvons avoir des pi\u00e8ces sous 4 heures a 24 heures, c'est ce qui est notre force pour pouvoir vous d\u00e9panner au plus vite.Parce que nous sommes conscient que votre v\u00e9lo est indispensable, nous ferons toujours tout pour vous satisfaire au mieux et au plus vite.{:}\",\"breadcrumb\":{\"@id\":\"https:\\\/\\\/rosascoot.com\\\/reparations-ebike-bosch-shimano-yamaha\\\/#breadcrumb\"},\"inLanguage\":\"es\",\"potentialAction\":[{\"@type\":\"ReadAction\",\"target\":[\"https:\\\/\\\/rosascoot.com\\\/reparations-ebike-bosch-shimano-yamaha\\\/\"]}]},{\"@type\":\"ImageObject\",\"inLanguage\":\"es\",\"@id\":\"https:\\\/\\\/rosascoot.com\\\/reparations-ebike-bosch-shimano-yamaha\\\/#primaryimage\",\"url\":\"https:\\\/\\\/rosascoot.com\\\/wp-content\\\/uploads\\\/2025\\\/08\\\/repare-300x200.png\",\"contentUrl\":\"https:\\\/\\\/rosascoot.com\\\/wp-content\\\/uploads\\\/2025\\\/08\\\/repare-300x200.png\"},{\"@type\":\"BreadcrumbList\",\"@id\":\"https:\\\/\\\/rosascoot.com\\\/reparations-ebike-bosch-shimano-yamaha\\\/#breadcrumb\",\"itemListElement\":[{\"@type\":\"ListItem\",\"position\":1,\"name\":\"Accueil\",\"item\":\"https:\\\/\\\/rosascoot.com\\\/\"},{\"@type\":\"ListItem\",\"position\":2,\"name\":\"R\u00e9parations Ebike\"}]},{\"@type\":\"WebSite\",\"@id\":\"https:\\\/\\\/rosascoot.com\\\/fr\\\/#website\",\"url\":\"https:\\\/\\\/rosascoot.com\\\/fr\\\/\",\"name\":\"rosascoot\",\"description\":\"ALQUILER DE SCOOTERS, ALQUILER Y VENTA BICICLETAS BTT Y EBIKE\",\"publisher\":{\"@id\":\"https:\\\/\\\/rosascoot.com\\\/fr\\\/#organization\"},\"potentialAction\":[{\"@type\":\"SearchAction\",\"target\":{\"@type\":\"EntryPoint\",\"urlTemplate\":\"https:\\\/\\\/rosascoot.com\\\/fr\\\/?s={search_term_string}\"},\"query-input\":{\"@type\":\"PropertyValueSpecification\",\"valueRequired\":true,\"valueName\":\"search_term_string\"}}],\"inLanguage\":\"es\"},{\"@type\":\"Organization\",\"@id\":\"https:\\\/\\\/rosascoot.com\\\/fr\\\/#organization\",\"name\":\"rosascoot\",\"url\":\"https:\\\/\\\/rosascoot.com\\\/fr\\\/\",\"logo\":{\"@type\":\"ImageObject\",\"inLanguage\":\"es\",\"@id\":\"https:\\\/\\\/rosascoot.com\\\/fr\\\/#\\\/schema\\\/logo\\\/image\\\/\",\"url\":\"https:\\\/\\\/rosascoot.com\\\/wp-content\\\/uploads\\\/2016\\\/07\\\/0.png\",\"contentUrl\":\"https:\\\/\\\/rosascoot.com\\\/wp-content\\\/uploads\\\/2016\\\/07\\\/0.png\",\"width\":1096,\"height\":164,\"caption\":\"rosascoot\"},\"image\":{\"@id\":\"https:\\\/\\\/rosascoot.com\\\/fr\\\/#\\\/schema\\\/logo\\\/image\\\/\"},\"sameAs\":[\"https:\\\/\\\/m.facebook.com\\\/Rosascoot-1038480526241967\\\/\"]}]}<\/script>\n<!-- \/ Yoast SEO plugin. -->","yoast_head_json":{"title":"Reparaciones - rosascoot","description":"(Fran\u00e7ais) ROSASCOOT ne fait pas seulement de la location de v\u00e9los Ebike et Scooters, c'est aussi un atelier de r\u00e9paration de tous v\u00e9los dont EBIKE votre concessionnaire Officiel BOSCH, SHIMANO, YAMAHA, avec ses logiciels de mise a jour et de diagnostics.Nos diff\u00e9rentes formations chez nos partenaires font que nous sommes a la pointe du v\u00e9lo \u00e9lectrique, nous faisons des r\u00e9parations a la journ\u00e9e, quand nous le pouvons vous nous laissez votre v\u00e9lo le matin, vous le r\u00e9cup\u00e9rez au maximum l'apr\u00e8s midi, (sous r\u00e9serve de pi\u00e8ces disponibles).Depuis maintenant 10 ann\u00e9es, nous avons con\u00e7u un r\u00e9seau de partenaires solides qui font que nous pouvons avoir des pi\u00e8ces sous 4 heures a 24 heures, c'est ce qui est notre force pour pouvoir vous d\u00e9panner au plus vite.Parce que nous sommes conscient que votre v\u00e9lo est indispensable, nous ferons toujours tout pour vous satisfaire au mieux et au plus vite.","robots":{"index":"index","follow":"follow","max-snippet":"max-snippet:-1","max-image-preview":"max-image-preview:large","max-video-preview":"max-video-preview:-1"},"canonical":"https:\/\/rosascoot.com\/reparations-ebike-bosch-shimano-yamaha\/","og_locale":"es_ES","og_type":"article","og_title":"Reparaciones - rosascoot","og_description":"{:fr}ROSASCOOT ne fait pas seulement de la location de v\u00e9los Ebike et Scooters, c'est aussi un atelier de r\u00e9paration de tous v\u00e9los dont EBIKE votre concessionnaire Officiel BOSCH, SHIMANO, YAMAHA, avec ses logiciels de mise a jour et de diagnostics.Nos diff\u00e9rentes formations chez nos partenaires font que nous sommes a la pointe du v\u00e9lo \u00e9lectrique, nous faisons des r\u00e9parations a la journ\u00e9e, quand nous le pouvons vous nous laissez votre v\u00e9lo le matin, vous le r\u00e9cup\u00e9rez au maximum l'apr\u00e8s midi, (sous r\u00e9serve de pi\u00e8ces disponibles).Depuis maintenant 10 ann\u00e9es, nous avons con\u00e7u un r\u00e9seau de partenaires solides qui font que nous pouvons avoir des pi\u00e8ces sous 4 heures a 24 heures, c'est ce qui est notre force pour pouvoir vous d\u00e9panner au plus vite.Parce que nous sommes conscient que votre v\u00e9lo est indispensable, nous ferons toujours tout pour vous satisfaire au mieux et au plus vite.{:}","og_url":"https:\/\/rosascoot.com\/reparations-ebike-bosch-shimano-yamaha\/","og_site_name":"rosascoot","article_publisher":"https:\/\/m.facebook.com\/Rosascoot-1038480526241967\/","article_modified_time":"2025-08-30T23:14:21+00:00","og_image":[{"width":1024,"height":683,"url":"https:\/\/rosascoot.com\/wp-content\/uploads\/2025\/08\/repare-1024x683.png","type":"image\/png"}],"twitter_card":"summary_large_image","twitter_misc":{"Tiempo de lectura":"1 minuto"},"schema":{"@context":"https:\/\/schema.org","@graph":[{"@type":"WebPage","@id":"https:\/\/rosascoot.com\/reparations-ebike-bosch-shimano-yamaha\/","url":"https:\/\/rosascoot.com\/reparations-ebike-bosch-shimano-yamaha\/","name":"Reparaciones - rosascoot","isPartOf":{"@id":"https:\/\/rosascoot.com\/fr\/#website"},"primaryImageOfPage":{"@id":"https:\/\/rosascoot.com\/reparations-ebike-bosch-shimano-yamaha\/#primaryimage"},"image":{"@id":"https:\/\/rosascoot.com\/reparations-ebike-bosch-shimano-yamaha\/#primaryimage"},"thumbnailUrl":"https:\/\/rosascoot.com\/wp-content\/uploads\/2025\/08\/repare-300x200.png","datePublished":"2025-08-30T22:58:34+00:00","dateModified":"2025-08-30T23:14:21+00:00","description":"{:fr}ROSASCOOT ne fait pas seulement de la location de v\u00e9los Ebike et Scooters, c'est aussi un atelier de r\u00e9paration de tous v\u00e9los dont EBIKE votre concessionnaire Officiel BOSCH, SHIMANO, YAMAHA, avec ses logiciels de mise a jour et de diagnostics.Nos diff\u00e9rentes formations chez nos partenaires font que nous sommes a la pointe du v\u00e9lo \u00e9lectrique, nous faisons des r\u00e9parations a la journ\u00e9e, quand nous le pouvons vous nous laissez votre v\u00e9lo le matin, vous le r\u00e9cup\u00e9rez au maximum l'apr\u00e8s midi, (sous r\u00e9serve de pi\u00e8ces disponibles).Depuis maintenant 10 ann\u00e9es, nous avons con\u00e7u un r\u00e9seau de partenaires solides qui font que nous pouvons avoir des pi\u00e8ces sous 4 heures a 24 heures, c'est ce qui est notre force pour pouvoir vous d\u00e9panner au plus vite.Parce que nous sommes conscient que votre v\u00e9lo est indispensable, nous ferons toujours tout pour vous satisfaire au mieux et au plus vite.{:}","breadcrumb":{"@id":"https:\/\/rosascoot.com\/reparations-ebike-bosch-shimano-yamaha\/#breadcrumb"},"inLanguage":"es","potentialAction":[{"@type":"ReadAction","target":["https:\/\/rosascoot.com\/reparations-ebike-bosch-shimano-yamaha\/"]}]},{"@type":"ImageObject","inLanguage":"es","@id":"https:\/\/rosascoot.com\/reparations-ebike-bosch-shimano-yamaha\/#primaryimage","url":"https:\/\/rosascoot.com\/wp-content\/uploads\/2025\/08\/repare-300x200.png","contentUrl":"https:\/\/rosascoot.com\/wp-content\/uploads\/2025\/08\/repare-300x200.png"},{"@type":"BreadcrumbList","@id":"https:\/\/rosascoot.com\/reparations-ebike-bosch-shimano-yamaha\/#breadcrumb","itemListElement":[{"@type":"ListItem","position":1,"name":"Accueil","item":"https:\/\/rosascoot.com\/"},{"@type":"ListItem","position":2,"name":"R\u00e9parations Ebike"}]},{"@type":"WebSite","@id":"https:\/\/rosascoot.com\/fr\/#website","url":"https:\/\/rosascoot.com\/fr\/","name":"rosascoot","description":"ALQUILER DE SCOOTERS, ALQUILER Y VENTA BICICLETAS BTT Y EBIKE","publisher":{"@id":"https:\/\/rosascoot.com\/fr\/#organization"},"potentialAction":[{"@type":"SearchAction","target":{"@type":"EntryPoint","urlTemplate":"https:\/\/rosascoot.com\/fr\/?s={search_term_string}"},"query-input":{"@type":"PropertyValueSpecification","valueRequired":true,"valueName":"search_term_string"}}],"inLanguage":"es"},{"@type":"Organization","@id":"https:\/\/rosascoot.com\/fr\/#organization","name":"rosascoot","url":"https:\/\/rosascoot.com\/fr\/","logo":{"@type":"ImageObject","inLanguage":"es","@id":"https:\/\/rosascoot.com\/fr\/#\/schema\/logo\/image\/","url":"https:\/\/rosascoot.com\/wp-content\/uploads\/2016\/07\/0.png","contentUrl":"https:\/\/rosascoot.com\/wp-content\/uploads\/2016\/07\/0.png","width":1096,"height":164,"caption":"rosascoot"},"image":{"@id":"https:\/\/rosascoot.com\/fr\/#\/schema\/logo\/image\/"},"sameAs":["https:\/\/m.facebook.com\/Rosascoot-1038480526241967\/"]}]}},"_links":{"self":[{"href":"https:\/\/rosascoot.com\/es\/wp-json\/wp\/v2\/pages\/853","targetHints":{"allow":["GET"]}}],"collection":[{"href":"https:\/\/rosascoot.com\/es\/wp-json\/wp\/v2\/pages"}],"about":[{"href":"https:\/\/rosascoot.com\/es\/wp-json\/wp\/v2\/types\/page"}],"author":[{"embeddable":true,"href":"https:\/\/rosascoot.com\/es\/wp-json\/wp\/v2\/users\/1"}],"replies":[{"embeddable":true,"href":"https:\/\/rosascoot.com\/es\/wp-json\/wp\/v2\/comments?post=853"}],"version-history":[{"count":9,"href":"https:\/\/rosascoot.com\/es\/wp-json\/wp\/v2\/pages\/853\/revisions"}],"predecessor-version":[{"id":1940,"href":"https:\/\/rosascoot.com\/es\/wp-json\/wp\/v2\/pages\/853\/revisions\/1940"}],"wp:attachment":[{"href":"https:\/\/rosascoot.com\/es\/wp-json\/wp\/v2\/media?parent=853"}],"curies":[{"name":"wp","href":"https:\/\/api.w.org\/{rel}","templated":true}]}}