{"id":84,"date":"2016-06-14T19:52:15","date_gmt":"2016-06-14T17:52:15","guid":{"rendered":"http:\/\/rosascoot.com\/?page_id=84"},"modified":"2025-08-25T19:42:54","modified_gmt":"2025-08-25T17:42:54","slug":"conditions","status":"publish","type":"page","link":"https:\/\/rosascoot.com\/fr\/conditions\/","title":{"rendered":"Conditions"},"content":{"rendered":"<h1><span style=\"text-decoration: underline;\"><strong>Caution<\/strong><\/span><\/h1>\n<p>Le locataire verse ce jour au propri\u00e9taire la somme de\u00a0: <strong>300 Euros pour les motos \/\u00a0 200 Euros pour les v\u00e9los.\u00a0\u00a0 <\/strong><\/p>\n<p>En guise de caution ou d\u00e9p\u00f4t de garantie pour r\u00e9pondre des d\u00e9g\u00e2ts qui pourraient \u00eatre caus\u00e9s aux objets lou\u00e9s. Le remboursement de la caution sera effectu\u00e9 au retour du mat\u00e9riel en bon \u00e9tat. Le preneur s\u2019engage \u00e0 rendre le mat\u00e9riel dans le m\u00eame \u00e9tat de propret\u00e9 et bon fonctionnement qu\u2019au moment de sa r\u00e9ception.\u00a0 Le mat\u00e9riel sera contr\u00f4l\u00e9 avant la location et au moment de sa restitution.\u00a0 Tout nettoyage, d\u00e9fectuosit\u00e9, irr\u00e9gularit\u00e9, usure exag\u00e9r\u00e9e, Casse ch\u00e2ssis (Cadre, fourche et amortisseur, \u00e9l\u00e9ments de carrosserie et selle, syst\u00e8me de refroidissement, syst\u00e8me de freinage avant et arri\u00e8re, instrumentation, poste de pilotage, guidon et embouts, poign\u00e9es, acc\u00e9l\u00e9rateur, tampons de protection) par rapport \u00e0 l&rsquo;utilisation sp\u00e9cifi\u00e9e sont \u00e0 la charge du locataire du mat\u00e9riel.<\/p>\n<p>&nbsp;<\/p>\n<h1><strong><span style=\"text-decoration: underline;\">Perte ou vol<\/span><\/strong><\/h1>\n<p>En cas de perte ou de vol, de sinistre responsable ou de casse moteur, le locataire s\u2019engage \u00e0 rembourser un mat\u00e9riel \u00e9quivalent d\u2019une valeur de 1700\u20ac pour les scooters ou 200 euros pour les v\u00e9los vtc et vtt classiques, et 4000\u20ac pour les v\u00e9los \u00e9lectriques de 500 a 600 watts et 5900\u20ac pour les v\u00e9los \u00e9lectriques 750 watts. Le locataire est responsable du mat\u00e9riel d\u00e8s que celui-ci quitte le propri\u00e9taire.<\/p>\n<p>Le locataire certifie conna\u00eetre le fonctionnement et la manipulation du mat\u00e9riel ainsi que toutes les mises en gardes de s\u00e9curit\u00e9, les risques et pr\u00e9cautions \u00e0 prendre relatifs \u00e0 l&rsquo;utilisation du mat\u00e9riel d\u00e9crit dans ce pr\u00e9sent contrat.<\/p>\n<p>Le locataire sera donc tenu responsable de tout mauvais emploi, et des dommages qui peuvent en r\u00e9sulter. Les crevaisons, panne d\u2019essence, probl\u00e8mes de batterie sont \u00e0 la charge du client.<\/p>\n<p>En cas de verbalisation, les frais de gestion de dossier seront factur\u00e9s 40,00 Euros T.T.C par infraction. Le client r\u00e9glera tous frais, amendes et d\u00e9penses pour toutes infractions \u00e0 la circulation, au stationnement, Etc\u2026<\/p>\n<p>Le client d\u00e9clare sur l\u2019honneur avoir effectu\u00e9 toute formation n\u00e9cessaire \u00e0 la conduite du v\u00e9hicule lou\u00e9 dans le pr\u00e9sent contrat.<\/p>\n<p>Le v\u00e9hicule doit \u00eatre restitu\u00e9 par le client \u00e0 l\u2019agence ou il a pris possession de ce dernier (m\u00eame en cas de panne, accident, crevaison, retour de vol Etc\u2026)<\/p>\n<p>Le v\u00e9hicule doit \u00eatre rendu propre. Frais de lavage 10 Euros.<\/p>\n<p>Tout d\u00e9passement de date de restitution pr\u00e9vue au pr\u00e9sent contrat sera factur\u00e9 au tarif d\u2019une location de un jour de location par tranche de 24 heures.<\/p>\n<h1><span style=\"text-decoration: underline;\"><strong>CONDITIONS DE LOCATION D\u2019UN SCOOTER ACCESSIBLE AVEC LE PERMIS B\u00a0:<\/strong><\/span><\/h1>\n<p>Permis en cours de validit\u00e9 : A, A1 ou B valide de plus de 3 ans.<\/p>\n<p>Signature pr\u00e9c\u00e9d\u00e9e de la mention manuscrite\u00a0: \u00ab\u00a0<strong><em>Bon pour acceptation, sans r\u00e9serve, des conditions de location figurant au recto et au verso du pr\u00e9sent contrat\u00a0\u00bb.\u00a0<\/em><\/strong>","protected":false},"excerpt":{"rendered":"<p>Caution Le locataire verse ce jour au propri\u00e9taire la somme de\u00a0: 300 Euros pour les motos \/\u00a0 200 Euros pour les v\u00e9los.\u00a0\u00a0 En guise de caution ou d\u00e9p\u00f4t de garantie pour r\u00e9pondre des d\u00e9g\u00e2ts qui pourraient \u00eatre caus\u00e9s aux objets lou\u00e9s. Le remboursement de la caution sera effectu\u00e9 au retour du mat\u00e9riel en bon \u00e9tat. [&hellip;]<\/p>\n","protected":false},"author":1,"featured_media":0,"parent":0,"menu_order":0,"comment_status":"closed","ping_status":"closed","template":"","meta":{"footnotes":""},"class_list":["post-84","page","type-page","status-publish","hentry"],"yoast_head":"<!-- This site is optimized with the Yoast SEO plugin v27.5 - https:\/\/yoast.com\/product\/yoast-seo-wordpress\/ -->\n<title>Conditions - rosascoot<\/title>\n<meta name=\"robots\" content=\"index, follow, max-snippet:-1, max-image-preview:large, max-video-preview:-1\" \/>\n<link rel=\"canonical\" href=\"https:\/\/rosascoot.com\/conditions\/\" \/>\n<meta property=\"og:locale\" content=\"fr_FR\" \/>\n<meta property=\"og:type\" content=\"article\" \/>\n<meta property=\"og:title\" content=\"Conditions - rosascoot\" \/>\n<meta property=\"og:description\" content=\"Caution Le locataire verse ce jour au propri\u00e9taire la somme de\u00a0: 300 Euros pour les motos \/\u00a0 200 Euros pour les v\u00e9los.\u00a0\u00a0 En guise de caution ou d\u00e9p\u00f4t de garantie pour r\u00e9pondre des d\u00e9g\u00e2ts qui pourraient \u00eatre caus\u00e9s aux objets lou\u00e9s. Le remboursement de la caution sera effectu\u00e9 au retour du mat\u00e9riel en bon \u00e9tat. [&hellip;]\" \/>\n<meta property=\"og:url\" content=\"https:\/\/rosascoot.com\/conditions\/\" \/>\n<meta property=\"og:site_name\" content=\"rosascoot\" \/>\n<meta property=\"article:publisher\" content=\"https:\/\/m.facebook.com\/Rosascoot-1038480526241967\/\" \/>\n<meta property=\"article:modified_time\" content=\"2025-08-25T17:42:54+00:00\" \/>\n<meta name=\"twitter:card\" content=\"summary_large_image\" \/>\n<meta name=\"twitter:label1\" content=\"Dur\u00e9e de lecture estim\u00e9e\" \/>\n\t<meta name=\"twitter:data1\" content=\"3 minutes\" \/>\n<script type=\"application\/ld+json\" class=\"yoast-schema-graph\">{\"@context\":\"https:\\\/\\\/schema.org\",\"@graph\":[{\"@type\":\"WebPage\",\"@id\":\"https:\\\/\\\/rosascoot.com\\\/conditions\\\/\",\"url\":\"https:\\\/\\\/rosascoot.com\\\/conditions\\\/\",\"name\":\"Conditions - rosascoot\",\"isPartOf\":{\"@id\":\"https:\\\/\\\/rosascoot.com\\\/fr\\\/#website\"},\"datePublished\":\"2016-06-14T17:52:15+00:00\",\"dateModified\":\"2025-08-25T17:42:54+00:00\",\"breadcrumb\":{\"@id\":\"https:\\\/\\\/rosascoot.com\\\/conditions\\\/#breadcrumb\"},\"inLanguage\":\"fr-FR\",\"potentialAction\":[{\"@type\":\"ReadAction\",\"target\":[\"https:\\\/\\\/rosascoot.com\\\/conditions\\\/\"]}]},{\"@type\":\"BreadcrumbList\",\"@id\":\"https:\\\/\\\/rosascoot.com\\\/conditions\\\/#breadcrumb\",\"itemListElement\":[{\"@type\":\"ListItem\",\"position\":1,\"name\":\"Accueil\",\"item\":\"https:\\\/\\\/rosascoot.com\\\/\"},{\"@type\":\"ListItem\",\"position\":2,\"name\":\"Conditions\"}]},{\"@type\":\"WebSite\",\"@id\":\"https:\\\/\\\/rosascoot.com\\\/fr\\\/#website\",\"url\":\"https:\\\/\\\/rosascoot.com\\\/fr\\\/\",\"name\":\"rosascoot\",\"description\":\"LOCATION DE SCOOTERS, LOCATION VENTE VELOS VTT VELOS ELECTRIQUES\",\"publisher\":{\"@id\":\"https:\\\/\\\/rosascoot.com\\\/fr\\\/#organization\"},\"potentialAction\":[{\"@type\":\"SearchAction\",\"target\":{\"@type\":\"EntryPoint\",\"urlTemplate\":\"https:\\\/\\\/rosascoot.com\\\/fr\\\/?s={search_term_string}\"},\"query-input\":{\"@type\":\"PropertyValueSpecification\",\"valueRequired\":true,\"valueName\":\"search_term_string\"}}],\"inLanguage\":\"fr-FR\"},{\"@type\":\"Organization\",\"@id\":\"https:\\\/\\\/rosascoot.com\\\/fr\\\/#organization\",\"name\":\"rosascoot\",\"url\":\"https:\\\/\\\/rosascoot.com\\\/fr\\\/\",\"logo\":{\"@type\":\"ImageObject\",\"inLanguage\":\"fr-FR\",\"@id\":\"https:\\\/\\\/rosascoot.com\\\/fr\\\/#\\\/schema\\\/logo\\\/image\\\/\",\"url\":\"https:\\\/\\\/rosascoot.com\\\/wp-content\\\/uploads\\\/2016\\\/07\\\/0.png\",\"contentUrl\":\"https:\\\/\\\/rosascoot.com\\\/wp-content\\\/uploads\\\/2016\\\/07\\\/0.png\",\"width\":1096,\"height\":164,\"caption\":\"rosascoot\"},\"image\":{\"@id\":\"https:\\\/\\\/rosascoot.com\\\/fr\\\/#\\\/schema\\\/logo\\\/image\\\/\"},\"sameAs\":[\"https:\\\/\\\/m.facebook.com\\\/Rosascoot-1038480526241967\\\/\"]}]}<\/script>\n<!-- \/ Yoast SEO plugin. -->","yoast_head_json":{"title":"Conditions - rosascoot","robots":{"index":"index","follow":"follow","max-snippet":"max-snippet:-1","max-image-preview":"max-image-preview:large","max-video-preview":"max-video-preview:-1"},"canonical":"https:\/\/rosascoot.com\/conditions\/","og_locale":"fr_FR","og_type":"article","og_title":"Conditions - rosascoot","og_description":"Caution Le locataire verse ce jour au propri\u00e9taire la somme de\u00a0: 300 Euros pour les motos \/\u00a0 200 Euros pour les v\u00e9los.\u00a0\u00a0 En guise de caution ou d\u00e9p\u00f4t de garantie pour r\u00e9pondre des d\u00e9g\u00e2ts qui pourraient \u00eatre caus\u00e9s aux objets lou\u00e9s. Le remboursement de la caution sera effectu\u00e9 au retour du mat\u00e9riel en bon \u00e9tat. [&hellip;]","og_url":"https:\/\/rosascoot.com\/conditions\/","og_site_name":"rosascoot","article_publisher":"https:\/\/m.facebook.com\/Rosascoot-1038480526241967\/","article_modified_time":"2025-08-25T17:42:54+00:00","twitter_card":"summary_large_image","twitter_misc":{"Dur\u00e9e de lecture estim\u00e9e":"3 minutes"},"schema":{"@context":"https:\/\/schema.org","@graph":[{"@type":"WebPage","@id":"https:\/\/rosascoot.com\/conditions\/","url":"https:\/\/rosascoot.com\/conditions\/","name":"Conditions - rosascoot","isPartOf":{"@id":"https:\/\/rosascoot.com\/fr\/#website"},"datePublished":"2016-06-14T17:52:15+00:00","dateModified":"2025-08-25T17:42:54+00:00","breadcrumb":{"@id":"https:\/\/rosascoot.com\/conditions\/#breadcrumb"},"inLanguage":"fr-FR","potentialAction":[{"@type":"ReadAction","target":["https:\/\/rosascoot.com\/conditions\/"]}]},{"@type":"BreadcrumbList","@id":"https:\/\/rosascoot.com\/conditions\/#breadcrumb","itemListElement":[{"@type":"ListItem","position":1,"name":"Accueil","item":"https:\/\/rosascoot.com\/"},{"@type":"ListItem","position":2,"name":"Conditions"}]},{"@type":"WebSite","@id":"https:\/\/rosascoot.com\/fr\/#website","url":"https:\/\/rosascoot.com\/fr\/","name":"rosascoot","description":"LOCATION DE SCOOTERS, LOCATION VENTE VELOS VTT VELOS ELECTRIQUES","publisher":{"@id":"https:\/\/rosascoot.com\/fr\/#organization"},"potentialAction":[{"@type":"SearchAction","target":{"@type":"EntryPoint","urlTemplate":"https:\/\/rosascoot.com\/fr\/?s={search_term_string}"},"query-input":{"@type":"PropertyValueSpecification","valueRequired":true,"valueName":"search_term_string"}}],"inLanguage":"fr-FR"},{"@type":"Organization","@id":"https:\/\/rosascoot.com\/fr\/#organization","name":"rosascoot","url":"https:\/\/rosascoot.com\/fr\/","logo":{"@type":"ImageObject","inLanguage":"fr-FR","@id":"https:\/\/rosascoot.com\/fr\/#\/schema\/logo\/image\/","url":"https:\/\/rosascoot.com\/wp-content\/uploads\/2016\/07\/0.png","contentUrl":"https:\/\/rosascoot.com\/wp-content\/uploads\/2016\/07\/0.png","width":1096,"height":164,"caption":"rosascoot"},"image":{"@id":"https:\/\/rosascoot.com\/fr\/#\/schema\/logo\/image\/"},"sameAs":["https:\/\/m.facebook.com\/Rosascoot-1038480526241967\/"]}]}},"_links":{"self":[{"href":"https:\/\/rosascoot.com\/fr\/wp-json\/wp\/v2\/pages\/84","targetHints":{"allow":["GET"]}}],"collection":[{"href":"https:\/\/rosascoot.com\/fr\/wp-json\/wp\/v2\/pages"}],"about":[{"href":"https:\/\/rosascoot.com\/fr\/wp-json\/wp\/v2\/types\/page"}],"author":[{"embeddable":true,"href":"https:\/\/rosascoot.com\/fr\/wp-json\/wp\/v2\/users\/1"}],"replies":[{"embeddable":true,"href":"https:\/\/rosascoot.com\/fr\/wp-json\/wp\/v2\/comments?post=84"}],"version-history":[{"count":7,"href":"https:\/\/rosascoot.com\/fr\/wp-json\/wp\/v2\/pages\/84\/revisions"}],"predecessor-version":[{"id":1326,"href":"https:\/\/rosascoot.com\/fr\/wp-json\/wp\/v2\/pages\/84\/revisions\/1326"}],"wp:attachment":[{"href":"https:\/\/rosascoot.com\/fr\/wp-json\/wp\/v2\/media?parent=84"}],"curies":[{"name":"wp","href":"https:\/\/api.w.org\/{rel}","templated":true}]}}